{"id":10,"date":"2026-02-07T10:37:21","date_gmt":"2026-02-07T10:37:21","guid":{"rendered":"https:\/\/www.kaysertraining.de\/?page_id=10"},"modified":"2026-02-07T11:30:56","modified_gmt":"2026-02-07T11:30:56","slug":"kaysertraining","status":"publish","type":"page","link":"https:\/\/www.kaysertraining.de\/?page_id=10","title":{"rendered":"kaysertraining"},"content":{"rendered":"\n<div class=\"wp-block-group alignfull has-global-padding is-layout-constrained wp-block-group-is-layout-constrained\" style=\"margin-top:0;margin-bottom:0;padding-top:var(--wp--preset--spacing--50);padding-bottom:var(--wp--preset--spacing--50)\">\n<div class=\"wp-block-columns alignwide is-layout-flex wp-container-core-columns-is-layout-47c06fe3 wp-block-columns-is-layout-flex\">\n<div class=\"wp-block-column is-layout-flow wp-block-column-is-layout-flow\" style=\"flex-basis:56%\">\n<figure class=\"wp-block-image size-full\"><img loading=\"lazy\" decoding=\"async\" width=\"2560\" height=\"1714\" src=\"https:\/\/www.kaysertraining.de\/wp-content\/uploads\/2026\/02\/anja007-scaled.jpg\" alt=\"\" class=\"wp-image-11\" srcset=\"https:\/\/www.kaysertraining.de\/wp-content\/uploads\/2026\/02\/anja007-scaled.jpg 2560w, https:\/\/www.kaysertraining.de\/wp-content\/uploads\/2026\/02\/anja007-300x201.jpg 300w, https:\/\/www.kaysertraining.de\/wp-content\/uploads\/2026\/02\/anja007-1024x685.jpg 1024w, https:\/\/www.kaysertraining.de\/wp-content\/uploads\/2026\/02\/anja007-768x514.jpg 768w, https:\/\/www.kaysertraining.de\/wp-content\/uploads\/2026\/02\/anja007-1536x1028.jpg 1536w, https:\/\/www.kaysertraining.de\/wp-content\/uploads\/2026\/02\/anja007-2048x1371.jpg 2048w\" sizes=\"auto, (max-width: 2560px) 100vw, 2560px\" \/><\/figure>\n<\/div>\n\n\n\n<div class=\"wp-block-column is-vertically-aligned-center is-layout-flow wp-container-core-column-is-layout-119bc444 wp-block-column-is-layout-flow\">\n<h2 class=\"wp-block-heading\">Wir machen es passend f\u00fcr dich<\/h2>\n\n\n\n<p>Unser gemeinsamer Weg zu deiner Gesundheit:<\/p>\n\n\n\n<p>Wann, wo und wie es zu DIR passt.<\/p>\n\n\n\n<p>Keine Kurspl\u00e4ne. Keine Anderen.<\/p>\n\n\n\n<p>Fokussiert auf DICH.<\/p>\n\n\n\n<div class=\"wp-block-buttons is-layout-flex wp-block-buttons-is-layout-flex\">\n<div class=\"wp-block-button\"><a class=\"wp-block-button__link wp-element-button\" href=\"mailto:info@kaysertraining.de\">Mail an uns<\/a><\/div>\n<\/div>\n<\/div>\n<\/div>\n<\/div>\n\n\n\n<div class=\"wp-block-group alignfull has-global-padding is-layout-constrained wp-block-group-is-layout-constrained\" style=\"margin-top:0;margin-bottom:0;padding-top:var(--wp--preset--spacing--50);padding-bottom:var(--wp--preset--spacing--50)\">\n<div class=\"wp-block-group alignwide is-layout-grid wp-container-core-group-is-layout-840b37f5 wp-block-group-is-layout-grid\">\n<div class=\"wp-block-group is-vertical is-layout-flex wp-container-core-group-is-layout-d6b9ab57 wp-block-group-is-layout-flex\">\n<h2 class=\"wp-block-heading has-x-large-font-size\">Wir f\u00fcr dich<\/h2>\n<\/div>\n\n\n\n<div class=\"wp-block-group is-vertical is-content-justification-stretch is-layout-flex wp-container-core-group-is-layout-353c4f5a wp-block-group-is-layout-flex\">\n<div class=\"wp-block-cover is-light\"><img loading=\"lazy\" decoding=\"async\" width=\"1024\" height=\"768\" class=\"wp-block-cover__image-background wp-image-12 size-large\" alt=\"\" src=\"https:\/\/www.kaysertraining.de\/wp-content\/uploads\/2026\/02\/PSX_20200301_125525918-1024x768.jpg\" data-object-fit=\"cover\" srcset=\"https:\/\/www.kaysertraining.de\/wp-content\/uploads\/2026\/02\/PSX_20200301_125525918-1024x768.jpg 1024w, https:\/\/www.kaysertraining.de\/wp-content\/uploads\/2026\/02\/PSX_20200301_125525918-300x225.jpg 300w, https:\/\/www.kaysertraining.de\/wp-content\/uploads\/2026\/02\/PSX_20200301_125525918-768x576.jpg 768w, https:\/\/www.kaysertraining.de\/wp-content\/uploads\/2026\/02\/PSX_20200301_125525918-1536x1152.jpg 1536w, https:\/\/www.kaysertraining.de\/wp-content\/uploads\/2026\/02\/PSX_20200301_125525918-2048x1536.jpg 2048w\" sizes=\"auto, (max-width: 1024px) 100vw, 1024px\" \/><span aria-hidden=\"true\" class=\"wp-block-cover__background has-background-dim-0 has-background-dim\" style=\"background-color:#8daac3\"><\/span><div class=\"wp-block-cover__inner-container has-global-padding is-layout-constrained wp-block-cover-is-layout-constrained\">\n<div style=\"height:57px\" aria-hidden=\"true\" class=\"wp-block-spacer\"><\/div>\n<\/div><\/div>\n\n\n\n<p class=\"has-text-align-center\">Michael<\/p>\n<\/div>\n\n\n\n<div class=\"wp-block-group is-vertical is-content-justification-stretch is-layout-flex wp-container-core-group-is-layout-353c4f5a wp-block-group-is-layout-flex\">\n<div class=\"wp-block-cover\"><img loading=\"lazy\" decoding=\"async\" width=\"1024\" height=\"741\" class=\"wp-block-cover__image-background wp-image-13 size-large\" alt=\"\" src=\"https:\/\/www.kaysertraining.de\/wp-content\/uploads\/2026\/02\/UGA7558-1024x741.jpg\" data-object-fit=\"cover\" srcset=\"https:\/\/www.kaysertraining.de\/wp-content\/uploads\/2026\/02\/UGA7558-1024x741.jpg 1024w, https:\/\/www.kaysertraining.de\/wp-content\/uploads\/2026\/02\/UGA7558-300x217.jpg 300w, https:\/\/www.kaysertraining.de\/wp-content\/uploads\/2026\/02\/UGA7558-768x556.jpg 768w, https:\/\/www.kaysertraining.de\/wp-content\/uploads\/2026\/02\/UGA7558.jpg 1492w\" sizes=\"auto, (max-width: 1024px) 100vw, 1024px\" \/><span aria-hidden=\"true\" class=\"wp-block-cover__background has-background-dim-0 has-background-dim\" style=\"background-color:#828282\"><\/span><div class=\"wp-block-cover__inner-container has-global-padding is-layout-constrained wp-block-cover-is-layout-constrained\">\n<div style=\"height:var(--wp--preset--spacing--20)\" aria-hidden=\"true\" class=\"wp-block-spacer\"><\/div>\n<\/div><\/div>\n\n\n\n<p class=\"has-text-align-center\">Tobias<\/p>\n<\/div>\n\n\n\n<div class=\"wp-block-group is-vertical is-content-justification-stretch is-layout-flex wp-container-core-group-is-layout-353c4f5a wp-block-group-is-layout-flex\">\n<div class=\"wp-block-cover\"><img loading=\"lazy\" decoding=\"async\" width=\"1024\" height=\"926\" class=\"wp-block-cover__image-background wp-image-15 size-large\" alt=\"\" src=\"https:\/\/www.kaysertraining.de\/wp-content\/uploads\/2026\/02\/Anja-Grindelwald-1024x926.jpg\" data-object-fit=\"cover\" srcset=\"https:\/\/www.kaysertraining.de\/wp-content\/uploads\/2026\/02\/Anja-Grindelwald-1024x926.jpg 1024w, https:\/\/www.kaysertraining.de\/wp-content\/uploads\/2026\/02\/Anja-Grindelwald-300x271.jpg 300w, https:\/\/www.kaysertraining.de\/wp-content\/uploads\/2026\/02\/Anja-Grindelwald-768x695.jpg 768w, https:\/\/www.kaysertraining.de\/wp-content\/uploads\/2026\/02\/Anja-Grindelwald-1536x1389.jpg 1536w, https:\/\/www.kaysertraining.de\/wp-content\/uploads\/2026\/02\/Anja-Grindelwald-2048x1852.jpg 2048w\" sizes=\"auto, (max-width: 1024px) 100vw, 1024px\" \/><span aria-hidden=\"true\" class=\"wp-block-cover__background has-background-dim-0 has-background-dim\" style=\"background-color:#d6bc98\"><\/span><div class=\"wp-block-cover__inner-container has-global-padding is-layout-constrained wp-block-cover-is-layout-constrained\">\n<div style=\"height:var(--wp--preset--spacing--20)\" aria-hidden=\"true\" class=\"wp-block-spacer\"><\/div>\n<\/div><\/div>\n\n\n\n<p class=\"has-text-align-center\">Anja<\/p>\n<\/div>\n<\/div>\n<\/div>\n\n\n\n<div class=\"wp-block-group alignfull has-global-padding is-layout-constrained wp-block-group-is-layout-constrained\" style=\"margin-top:0;margin-bottom:0;padding-top:var(--wp--preset--spacing--50);padding-bottom:var(--wp--preset--spacing--50)\">\n<div class=\"wp-block-group alignwide is-style-section-1 is-nowrap is-layout-flex wp-container-core-group-is-layout-c1740a5a wp-block-group-is-layout-flex is-style-section-1--1\">\n<div class=\"wp-block-cover is-light\" style=\"min-height:242px;aspect-ratio:unset;\"><span aria-hidden=\"true\" class=\"wp-block-cover__background has-background-dim\"><\/span><div class=\"wp-block-cover__inner-container is-layout-flow wp-block-cover-is-layout-flow\">\n<p>Melde dich, um ein Kennnelernen zu vereinbaren.<\/p>\n\n\n\n<p class=\"has-text-align-center\">Denn nur wenn man sich sympathisch ist macht es Sinn.<\/p>\n\n\n\n<p class=\"has-text-align-center\">Dann jedoch wird es super \ud83d\ude42<\/p>\n<\/div><\/div>\n\n\n\n<div class=\"wp-block-group is-nowrap is-layout-flex wp-container-core-group-is-layout-6c531013 wp-block-group-is-layout-flex\">\n<div class=\"wp-block-columns is-layout-flex wp-container-core-columns-is-layout-28f84493 wp-block-columns-is-layout-flex\">\n<div class=\"wp-block-column is-layout-flow wp-block-column-is-layout-flow\" style=\"flex-basis:100%\">\n<figure class=\"wp-block-image size-full\"><img loading=\"lazy\" decoding=\"async\" width=\"298\" height=\"145\" src=\"https:\/\/www.kaysertraining.de\/wp-content\/uploads\/2026\/02\/Screenshot-2026-02-07-113551.jpg\" alt=\"\" class=\"wp-image-17\"\/><\/figure>\n<\/div>\n<\/div>\n<\/div>\n<\/div>\n<\/div>\n\n\n\n<p><\/p>\n","protected":false},"excerpt":{"rendered":"<p>Wir machen es passend f\u00fcr dich Unser gemeinsamer Weg zu deiner Gesundheit: Wann, wo und wie es zu DIR passt. Keine Kurspl\u00e4ne. Keine Anderen. Fokussiert auf DICH. Wir f\u00fcr dich Michael Tobias Anja<\/p>\n","protected":false},"author":1,"featured_media":0,"parent":0,"menu_order":0,"comment_status":"closed","ping_status":"closed","template":"","meta":{"footnotes":""},"class_list":["post-10","page","type-page","status-publish","hentry"],"_links":{"self":[{"href":"https:\/\/www.kaysertraining.de\/index.php?rest_route=\/wp\/v2\/pages\/10","targetHints":{"allow":["GET"]}}],"collection":[{"href":"https:\/\/www.kaysertraining.de\/index.php?rest_route=\/wp\/v2\/pages"}],"about":[{"href":"https:\/\/www.kaysertraining.de\/index.php?rest_route=\/wp\/v2\/types\/page"}],"author":[{"embeddable":true,"href":"https:\/\/www.kaysertraining.de\/index.php?rest_route=\/wp\/v2\/users\/1"}],"replies":[{"embeddable":true,"href":"https:\/\/www.kaysertraining.de\/index.php?rest_route=%2Fwp%2Fv2%2Fcomments&post=10"}],"version-history":[{"count":3,"href":"https:\/\/www.kaysertraining.de\/index.php?rest_route=\/wp\/v2\/pages\/10\/revisions"}],"predecessor-version":[{"id":35,"href":"https:\/\/www.kaysertraining.de\/index.php?rest_route=\/wp\/v2\/pages\/10\/revisions\/35"}],"wp:attachment":[{"href":"https:\/\/www.kaysertraining.de\/index.php?rest_route=%2Fwp%2Fv2%2Fmedia&parent=10"}],"curies":[{"name":"wp","href":"https:\/\/api.w.org\/{rel}","templated":true}]}}